{"id":16617,"date":"2025-05-15T18:42:53","date_gmt":"2025-05-15T16:42:53","guid":{"rendered":"https:\/\/ny-wordpress-hjemmeside.dk\/happyfunnyworld\/?page_id=16617"},"modified":"2025-05-15T18:44:13","modified_gmt":"2025-05-15T16:44:13","slug":"handelsbetingelser","status":"publish","type":"page","link":"https:\/\/ny-wordpress-hjemmeside.dk\/happyfunnyworld\/handelsbetingelser\/","title":{"rendered":"Handelsbetingelser"},"content":{"rendered":"\t\t<div data-elementor-type=\"wp-page\" data-elementor-id=\"16617\" class=\"elementor elementor-16617\" data-elementor-post-type=\"page\">\n\t\t\t\t<div class=\"elementor-element elementor-element-3826778c wd-section-stretch e-flex e-con-boxed e-con e-parent\" data-id=\"3826778c\" data-element_type=\"container\" data-settings=\"{&quot;background_background&quot;:&quot;classic&quot;}\">\n\t\t\t\t\t<div class=\"e-con-inner\">\n\t\t\t\t<div class=\"elementor-element elementor-element-66a17364 elementor-widget elementor-widget-heading\" data-id=\"66a17364\" data-element_type=\"widget\" data-widget_type=\"heading.default\">\n\t\t\t\t<div class=\"elementor-widget-container\">\n\t\t\t\t\t<h1 class=\"elementor-heading-title elementor-size-default\">Handelsbetingelser<\/h1>\t\t\t\t<\/div>\n\t\t\t\t<\/div>\n\t\t\t\t<div class=\"elementor-element elementor-element-7f081915 wd-single-breadcrumbs wd-breadcrumbs text-left elementor-widget elementor-widget-wd_wc_breadcrumb\" data-id=\"7f081915\" data-element_type=\"widget\" data-widget_type=\"wd_wc_breadcrumb.default\">\n\t\t\t\t<div class=\"elementor-widget-container\">\n\t\t\t\t\t<nav class=\"woocommerce-breadcrumb\" aria-label=\"Breadcrumb\">\t\t\t\t<span class=\"breadcrumb-last\">\n\t\t\t\t\tForside\t\t\t\t<\/span>\n\t\t\t<\/nav>\t\t\t\t<\/div>\n\t\t\t\t<\/div>\n\t\t\t\t\t<\/div>\n\t\t\t\t<\/div>\n\t\t<div class=\"elementor-element elementor-element-1c24efc0 e-flex e-con-boxed e-con e-parent\" data-id=\"1c24efc0\" data-element_type=\"container\">\n\t\t\t\t\t<div class=\"e-con-inner\">\n\t\t\t\t<div class=\"elementor-element elementor-element-13b879d2 color-scheme-inherit text-left elementor-widget elementor-widget-text-editor\" data-id=\"13b879d2\" data-element_type=\"widget\" data-widget_type=\"text-editor.default\">\n\t\t\t\t<div class=\"elementor-widget-container\">\n\t\t\t\t\t\t\t\t\t<p><strong>Generelle oplysninger<\/strong><br \/>Virksomhedsnavn: HappyFunnyWorld<br \/>CVR-nr.: 12345678<br \/>Adresse: Paradis\u00e6blevej 111, 4800 Nyk\u00f8bing Falster<br \/>Email: Kontakt@hfw.com<br \/>Telefonnr.: 40 40 40 40<br \/><br \/><br \/><strong>Betaling<\/strong><br \/>Vi modtager Mobilepay, Dankort og Visakort<br \/><br \/>Vi tager ikke kortgebyrer.<br \/>Da ordren bliver udf\u00f8rt p\u00e5 bestilling, s\u00e5 h\u00e6ves bel\u00f8bet fra dit kort \u00f8jeblikkeligt ved k\u00f8bet.<br \/><br \/><strong>Fragt<\/strong><br \/>Vores pakker bliver levereret overalt i Danmark med GLS og Bring til deres respektive pakkeshops. Fragtpris p\u00e5 kr. 29,- ved k\u00f8b under kr. 350,-<br \/>(Ved k\u00f8b fra kr. 349,- leveres fragtfrit til pakkeshop).<br \/><br \/>Vi har valgt kun at levere til pakkeshops, for dermed at undg\u00e5 situationer hvor et fragtfirma siger de har leveret pakken til kunden og kunden ikke har modtaget den.<br \/>Leveringstiden kan vare op til 7 dage, men den normale leveringstid er 1-3 dage.<br \/><br \/><strong>Fortrydelsesret \/ Returnering<\/strong><br \/>Da vores varer for at sk\u00e5ne milj\u00f8et fremstilles p\u00e5 bestilling som et print on demand produkt, s\u00e5 tilbydes der ingen returret eller fortrydelsesret.<br \/><br \/><strong>Reklamationsret<\/strong><br \/>N\u00e5r du handler hos os som forbruger, g\u00e6lder k\u00f8belovens regler for varek\u00f8b.<br \/>Det betyder, at du har reklamationsret i 24 m\u00e5neder.<br \/>Hvis din reklamation er berettiget, betyder det, at du enten kan f\u00e5 varen repareret, ombyttet, pengene tilbage eller et afslag i prisen, afh\u00e6ngig af den konkrete situation.<br \/><br \/>Du skal reklamere inden for \u201drimelig tid\u201d efter, at du har opdaget fejlen. Hvis du reklamerer inden for to m\u00e5neder efter, at fejlen er opdaget, vil reklamationen altid v\u00e6re rettidig.\u00a0Er reklamationen berettiget, refunderer vi dine (rimelige) fragtomkostninger. Varen skal altid sendes tilbage i forsvarlig emballage. Husk ogs\u00e5 at f\u00e5 en kvittering for afsendelse, s\u00e5 vi kan tilbagebetale dine fragtomkostninger.<br \/><br \/><strong>Varen sendes til:<\/strong><br \/>HappyFunnyWorld<br \/>Paradis\u00e6blevej 111<br \/>4800 Nyk\u00f8bing Falster<br \/><br \/>Vi modtager kun pakker, som sendes direkte til adressen.<br \/>N\u00e5r du returnerer varen, bedes du vedl\u00e6gge en detaljeret beskrivelse af problemet.\u00a0<br \/><br \/><strong><em>(kontakt os f\u00f8r du sender en varer retur, s\u00e5 vi ved hvad pakken vi modtager handler om, og om det er reklamationsberettiget).<\/em><\/strong><br \/><br \/><strong>Klageadgang<\/strong><br \/>Hvis du som forbruger vil klage over dit k\u00f8b, skal du kontakte os p\u00e5 kontakt@hfw@com.<br \/><br \/>Handelsbetingelserne er senest opdateret d. 07.10.2024<\/p>\t\t\t\t\t\t\t\t<\/div>\n\t\t\t\t<\/div>\n\t\t\t\t\t<\/div>\n\t\t\t\t<\/div>\n\t\t\t\t<\/div>\n\t\t","protected":false},"excerpt":{"rendered":"<p>Handelsbetingelser Forside Generelle oplysningerVirksomhedsnavn: HappyFunnyWorldCVR-nr.: 12345678Adresse: Paradis\u00e6blevej 111, 4800 Nyk\u00f8bing FalsterEmail: Kontakt@hfw.comTelefonnr.: 40 40 40 40 BetalingVi modtager Mobilepay, Dankort<\/p>\n","protected":false},"author":1,"featured_media":0,"parent":0,"menu_order":0,"comment_status":"closed","ping_status":"closed","template":"","meta":{"_acf_changed":false,"footnotes":""},"class_list":["post-16617","page","type-page","status-publish","hentry"],"acf":[],"yoast_head":"<!-- This site is optimized with the Yoast SEO plugin v22.3 - https:\/\/yoast.com\/wordpress\/plugins\/seo\/ -->\n<title>Handelsbetingelser - HappyFunnyWorld<\/title>\n<meta name=\"robots\" content=\"index, follow, max-snippet:-1, max-image-preview:large, max-video-preview:-1\" \/>\n<link rel=\"canonical\" href=\"https:\/\/ny-wordpress-hjemmeside.dk\/happyfunnyworld\/handelsbetingelser\/\" \/>\n<meta property=\"og:locale\" content=\"da_DK\" \/>\n<meta property=\"og:type\" content=\"article\" \/>\n<meta property=\"og:title\" content=\"Handelsbetingelser - HappyFunnyWorld\" \/>\n<meta property=\"og:description\" content=\"Handelsbetingelser Forside Generelle oplysningerVirksomhedsnavn: HappyFunnyWorldCVR-nr.: 12345678Adresse: Paradis\u00e6blevej 111, 4800 Nyk\u00f8bing FalsterEmail: Kontakt@hfw.comTelefonnr.: 40 40 40 40 BetalingVi modtager Mobilepay, Dankort\" \/>\n<meta property=\"og:url\" content=\"https:\/\/ny-wordpress-hjemmeside.dk\/happyfunnyworld\/handelsbetingelser\/\" \/>\n<meta property=\"og:site_name\" content=\"HappyFunnyWorld\" \/>\n<meta property=\"article:modified_time\" content=\"2025-05-15T16:44:13+00:00\" \/>\n<meta name=\"twitter:card\" content=\"summary_large_image\" \/>\n<meta name=\"twitter:label1\" content=\"Estimeret l\u00e6setid\" \/>\n\t<meta name=\"twitter:data1\" content=\"2 minutter\" \/>\n<script type=\"application\/ld+json\" class=\"yoast-schema-graph\">{\"@context\":\"https:\/\/schema.org\",\"@graph\":[{\"@type\":\"WebPage\",\"@id\":\"https:\/\/ny-wordpress-hjemmeside.dk\/happyfunnyworld\/handelsbetingelser\/\",\"url\":\"https:\/\/ny-wordpress-hjemmeside.dk\/happyfunnyworld\/handelsbetingelser\/\",\"name\":\"Handelsbetingelser - HappyFunnyWorld\",\"isPartOf\":{\"@id\":\"https:\/\/ny-wordpress-hjemmeside.dk\/happyfunnyworld\/#website\"},\"datePublished\":\"2025-05-15T16:42:53+00:00\",\"dateModified\":\"2025-05-15T16:44:13+00:00\",\"breadcrumb\":{\"@id\":\"https:\/\/ny-wordpress-hjemmeside.dk\/happyfunnyworld\/handelsbetingelser\/#breadcrumb\"},\"inLanguage\":\"da-DK\",\"potentialAction\":[{\"@type\":\"ReadAction\",\"target\":[\"https:\/\/ny-wordpress-hjemmeside.dk\/happyfunnyworld\/handelsbetingelser\/\"]}]},{\"@type\":\"BreadcrumbList\",\"@id\":\"https:\/\/ny-wordpress-hjemmeside.dk\/happyfunnyworld\/handelsbetingelser\/#breadcrumb\",\"itemListElement\":[{\"@type\":\"ListItem\",\"position\":1,\"name\":\"Home\",\"item\":\"https:\/\/ny-wordpress-hjemmeside.dk\/happyfunnyworld\/\"},{\"@type\":\"ListItem\",\"position\":2,\"name\":\"Handelsbetingelser\"}]},{\"@type\":\"WebSite\",\"@id\":\"https:\/\/ny-wordpress-hjemmeside.dk\/happyfunnyworld\/#website\",\"url\":\"https:\/\/ny-wordpress-hjemmeside.dk\/happyfunnyworld\/\",\"name\":\"HappyFunnyWorld\",\"description\":\"\",\"potentialAction\":[{\"@type\":\"SearchAction\",\"target\":{\"@type\":\"EntryPoint\",\"urlTemplate\":\"https:\/\/ny-wordpress-hjemmeside.dk\/happyfunnyworld\/?s={search_term_string}\"},\"query-input\":\"required name=search_term_string\"}],\"inLanguage\":\"da-DK\"}]}<\/script>\n<!-- \/ Yoast SEO plugin. -->","yoast_head_json":{"title":"Handelsbetingelser - HappyFunnyWorld","robots":{"index":"index","follow":"follow","max-snippet":"max-snippet:-1","max-image-preview":"max-image-preview:large","max-video-preview":"max-video-preview:-1"},"canonical":"https:\/\/ny-wordpress-hjemmeside.dk\/happyfunnyworld\/handelsbetingelser\/","og_locale":"da_DK","og_type":"article","og_title":"Handelsbetingelser - HappyFunnyWorld","og_description":"Handelsbetingelser Forside Generelle oplysningerVirksomhedsnavn: HappyFunnyWorldCVR-nr.: 12345678Adresse: Paradis\u00e6blevej 111, 4800 Nyk\u00f8bing FalsterEmail: Kontakt@hfw.comTelefonnr.: 40 40 40 40 BetalingVi modtager Mobilepay, Dankort","og_url":"https:\/\/ny-wordpress-hjemmeside.dk\/happyfunnyworld\/handelsbetingelser\/","og_site_name":"HappyFunnyWorld","article_modified_time":"2025-05-15T16:44:13+00:00","twitter_card":"summary_large_image","twitter_misc":{"Estimeret l\u00e6setid":"2 minutter"},"schema":{"@context":"https:\/\/schema.org","@graph":[{"@type":"WebPage","@id":"https:\/\/ny-wordpress-hjemmeside.dk\/happyfunnyworld\/handelsbetingelser\/","url":"https:\/\/ny-wordpress-hjemmeside.dk\/happyfunnyworld\/handelsbetingelser\/","name":"Handelsbetingelser - HappyFunnyWorld","isPartOf":{"@id":"https:\/\/ny-wordpress-hjemmeside.dk\/happyfunnyworld\/#website"},"datePublished":"2025-05-15T16:42:53+00:00","dateModified":"2025-05-15T16:44:13+00:00","breadcrumb":{"@id":"https:\/\/ny-wordpress-hjemmeside.dk\/happyfunnyworld\/handelsbetingelser\/#breadcrumb"},"inLanguage":"da-DK","potentialAction":[{"@type":"ReadAction","target":["https:\/\/ny-wordpress-hjemmeside.dk\/happyfunnyworld\/handelsbetingelser\/"]}]},{"@type":"BreadcrumbList","@id":"https:\/\/ny-wordpress-hjemmeside.dk\/happyfunnyworld\/handelsbetingelser\/#breadcrumb","itemListElement":[{"@type":"ListItem","position":1,"name":"Home","item":"https:\/\/ny-wordpress-hjemmeside.dk\/happyfunnyworld\/"},{"@type":"ListItem","position":2,"name":"Handelsbetingelser"}]},{"@type":"WebSite","@id":"https:\/\/ny-wordpress-hjemmeside.dk\/happyfunnyworld\/#website","url":"https:\/\/ny-wordpress-hjemmeside.dk\/happyfunnyworld\/","name":"HappyFunnyWorld","description":"","potentialAction":[{"@type":"SearchAction","target":{"@type":"EntryPoint","urlTemplate":"https:\/\/ny-wordpress-hjemmeside.dk\/happyfunnyworld\/?s={search_term_string}"},"query-input":"required name=search_term_string"}],"inLanguage":"da-DK"}]}},"_links":{"self":[{"href":"https:\/\/ny-wordpress-hjemmeside.dk\/happyfunnyworld\/wp-json\/wp\/v2\/pages\/16617","targetHints":{"allow":["GET"]}}],"collection":[{"href":"https:\/\/ny-wordpress-hjemmeside.dk\/happyfunnyworld\/wp-json\/wp\/v2\/pages"}],"about":[{"href":"https:\/\/ny-wordpress-hjemmeside.dk\/happyfunnyworld\/wp-json\/wp\/v2\/types\/page"}],"author":[{"embeddable":true,"href":"https:\/\/ny-wordpress-hjemmeside.dk\/happyfunnyworld\/wp-json\/wp\/v2\/users\/1"}],"replies":[{"embeddable":true,"href":"https:\/\/ny-wordpress-hjemmeside.dk\/happyfunnyworld\/wp-json\/wp\/v2\/comments?post=16617"}],"version-history":[{"count":4,"href":"https:\/\/ny-wordpress-hjemmeside.dk\/happyfunnyworld\/wp-json\/wp\/v2\/pages\/16617\/revisions"}],"predecessor-version":[{"id":16621,"href":"https:\/\/ny-wordpress-hjemmeside.dk\/happyfunnyworld\/wp-json\/wp\/v2\/pages\/16617\/revisions\/16621"}],"wp:attachment":[{"href":"https:\/\/ny-wordpress-hjemmeside.dk\/happyfunnyworld\/wp-json\/wp\/v2\/media?parent=16617"}],"curies":[{"name":"wp","href":"https:\/\/api.w.org\/{rel}","templated":true}]}}