{"id":11,"date":"2025-05-04T12:12:25","date_gmt":"2025-05-04T10:12:25","guid":{"rendered":"https:\/\/ny-wordpress-hjemmeside.dk\/happyfunnyworld\/?page_id=11"},"modified":"2025-05-15T18:41:45","modified_gmt":"2025-05-15T16:41:45","slug":"refundering_returvarer","status":"publish","type":"page","link":"https:\/\/ny-wordpress-hjemmeside.dk\/happyfunnyworld\/refundering_returvarer\/","title":{"rendered":"Privatlivs politik"},"content":{"rendered":"\t\t<div data-elementor-type=\"wp-page\" data-elementor-id=\"11\" class=\"elementor elementor-11\" data-elementor-post-type=\"page\">\n\t\t\t\t<div class=\"elementor-element elementor-element-3826778c wd-section-stretch e-flex e-con-boxed e-con e-parent\" data-id=\"3826778c\" data-element_type=\"container\" data-settings=\"{&quot;background_background&quot;:&quot;classic&quot;}\">\n\t\t\t\t\t<div class=\"e-con-inner\">\n\t\t\t\t<div class=\"elementor-element elementor-element-66a17364 elementor-widget elementor-widget-heading\" data-id=\"66a17364\" data-element_type=\"widget\" data-widget_type=\"heading.default\">\n\t\t\t\t<div class=\"elementor-widget-container\">\n\t\t\t\t\t<h1 class=\"elementor-heading-title elementor-size-default\">Privatlivs politik<\/h1>\t\t\t\t<\/div>\n\t\t\t\t<\/div>\n\t\t\t\t<div class=\"elementor-element elementor-element-7f081915 wd-single-breadcrumbs wd-breadcrumbs text-left elementor-widget elementor-widget-wd_wc_breadcrumb\" data-id=\"7f081915\" data-element_type=\"widget\" data-widget_type=\"wd_wc_breadcrumb.default\">\n\t\t\t\t<div class=\"elementor-widget-container\">\n\t\t\t\t\t<nav class=\"woocommerce-breadcrumb\" aria-label=\"Breadcrumb\">\t\t\t\t<span class=\"breadcrumb-last\">\n\t\t\t\t\tForside\t\t\t\t<\/span>\n\t\t\t<\/nav>\t\t\t\t<\/div>\n\t\t\t\t<\/div>\n\t\t\t\t\t<\/div>\n\t\t\t\t<\/div>\n\t\t<div class=\"elementor-element elementor-element-1c24efc0 e-flex e-con-boxed e-con e-parent\" data-id=\"1c24efc0\" data-element_type=\"container\">\n\t\t\t\t\t<div class=\"e-con-inner\">\n\t\t\t\t<div class=\"elementor-element elementor-element-13b879d2 color-scheme-inherit text-left elementor-widget elementor-widget-text-editor\" data-id=\"13b879d2\" data-element_type=\"widget\" data-widget_type=\"text-editor.default\">\n\t\t\t\t<div class=\"elementor-widget-container\">\n\t\t\t\t\t\t\t\t\t<p><strong>Privatlivs politik<\/strong><\/p>\n<p>Oplysninger om vores behandling af dine personoplysninger mv.<\/p>\n<p>Vi har brug for f\u00f8lgende oplysninger, n\u00e5r du handler hos os:<br \/>Navn, adresse, tlf.nr. og mailadresse.<\/p>\n<p>Vi registrerer og videregiver de personoplysninger, som er n\u00f8dvendige for at kunne levere varen til dig. Vi videregiver dine oplysninger til vores print on demand samarbejdspartner Nemprint.dk, da pakken bliver sendt direkte fra dem til dig.<\/p>\n<p>Personoplysningerne hos Nemprint.dk registreres kun til forsendelsen har fundet sted og gemmes ikke. HappyfFunnyWorld opbevarer dem i fem \u00e5r, som er samme l\u00e6ngde som bogf\u00f8ringsloven, hvorefter oplysningerne slettes.<\/p>\n<p>Vi samarbejder herudover med en r\u00e6kke andre virksomheder, som opbevarer og behandler data. Virksomhederne behandler udelukkende oplysninger p\u00e5 vores vegne og m\u00e5 ikke bruge dem til egne form\u00e5l.<br \/>Vi samarbejder kun med databehandlere i EU eller i lande, der kan give dine oplysninger en tilstr\u00e6kkelig beskyttelse.<\/p>\n<p>Vi er den dataansvarlige \u2013 hvordan kontakter du os?<\/p>\n<p>Michael Poulsen (HappyFunnyWorld) er dataansvarlig for behandlingen af de personoplysninger, som vi har modtaget om dig.<\/p>\n<p>Du finder vores kontaktoplysninger nedenfor.<\/p>\n<p><strong>HappyFunnyWorld<\/strong><br \/><strong>Paradis\u00e6blevej 111<\/strong><br \/><strong>CVR-nr.: (ingen)<\/strong><br \/><strong>Telefon: 40 40 40 40<\/strong><\/p>\n<p><strong>E-mailadresse: hfw@mail.dk.<\/strong><\/p>\n<p>Dine rettigheder<br \/>Du har ret til at f\u00e5 oplyst, hvilke oplysninger vi behandler om dig.<br \/>Hvis du mener, at oplysningerne er un\u00f8jagtige, har du ret til at f\u00e5 dem rettet. I nogle tilf\u00e6lde har vi pligt til at slette dine persondata, hvis du beder om det. Det kan f.eks. v\u00e6re hvis dine data ikke l\u00e6ngere er n\u00f8dvendige i forhold til det form\u00e5l, som vi skulle bruge dem til. Du kan ogs\u00e5 kontakte os, hvis du mener, at dine persondata bliver behandlet i strid med lovgivningen. Hvis du vil g\u00f8re brug af dine rettigheder, skal du kontakte os p\u00e5: kontakt@hfw.com<\/p>\n<p>Uddybning af rettigheder:<br \/>Du har efter databeskyttelsesforordningen en r\u00e6kke rettigheder i forhold til vores behandling af oplysninger om dig.<\/p>\n<p>Ret til at se oplysninger (indsigtsret)<br \/>Du har ret til at f\u00e5 indsigt i de oplysninger, som vi behandler om dig, samt en r\u00e6kke yderligere oplysninger.<\/p>\n<p>Ret til berigtigelse (rettelse)<br \/>Du har ret til at f\u00e5 urigtige oplysninger om dig selv rettet.<\/p>\n<p>Ret til sletning<br \/>I s\u00e6rlige tilf\u00e6lde har du ret til at f\u00e5 slettet oplysninger om dig, inden tidspunktet for vores almindelige generelle sletning indtr\u00e6ffer.<br \/>Ret til begr\u00e6nsning af behandling<br \/>Du har visse tilf\u00e6lde ret til at f\u00e5 behandlingen af dine personoplysninger begr\u00e6nset. Hvis du har ret til at f\u00e5 begr\u00e6nset behandlingen, m\u00e5 vi fremover kun behandle oplysningerne \u2013 bortset fra opbevaring \u2013 med dit samtykke, eller med henblik p\u00e5 at retskrav kan fastl\u00e6gges, g\u00f8res g\u00e6ldende eller forsvares eller for at beskytte en person eller vigtige samfundsinteresser.<\/p>\n<p>Ret til indsigelse<br \/>&#8211; Du har i visse tilf\u00e6lde ret til at g\u00f8re indsigelse mod vores eller lovlige behandling af dine personoplysninger.<br \/>&#8211; Du kan ogs\u00e5 g\u00f8re indsigelse mod behandling af dine oplysninger til direkte markedsf\u00f8ring.<\/p>\n<p>Ret til at transmittere oplysninger (dataportabilitet)<br \/>Du har i visse tilf\u00e6lde ret til at modtage dine personoplysninger i et struktureret, almindeligt anvendt og maskinl\u00e6sbart format samt at f\u00e5 overf\u00f8rt disse personoplysninger fra \u00e9n dataansvarlig til en anden uden hindring.<br \/>Du kan l\u00e6se mere om dine rettigheder i Datatilsynets vejledning om de registreredes rettigheder, som du finder p\u00e5 www.datatilsynet.dk.<\/p>\n<p>Klage til Datatilsynet<br \/>Du har ret til at indgive en klage til Datatilsynet, hvis du er utilfreds med den m\u00e5de, vi behandler dine personoplysninger p\u00e5. Du finder Datatilsynets kontaktoplysninger p\u00e5 www.datatilsynet.dk.<\/p>\n<p>Dokumentoplysning<br \/>Dette er 1. version af HappyFunnyWorld\u00b4s persondatapolitik skrevet 07.10.2024<\/p>\t\t\t\t\t\t\t\t<\/div>\n\t\t\t\t<\/div>\n\t\t\t\t\t<\/div>\n\t\t\t\t<\/div>\n\t\t\t\t<\/div>\n\t\t","protected":false},"excerpt":{"rendered":"<p>Privatlivs politik Forside Privatlivs politik Oplysninger om vores behandling af dine personoplysninger mv. Vi har brug for f\u00f8lgende oplysninger, n\u00e5r<\/p>\n","protected":false},"author":1,"featured_media":0,"parent":0,"menu_order":0,"comment_status":"closed","ping_status":"closed","template":"","meta":{"_acf_changed":false,"footnotes":""},"class_list":["post-11","page","type-page","status-publish","hentry"],"acf":[],"yoast_head":"<!-- This site is optimized with the Yoast SEO plugin v22.3 - https:\/\/yoast.com\/wordpress\/plugins\/seo\/ -->\n<title>Privatlivs politik - HappyFunnyWorld<\/title>\n<meta name=\"robots\" content=\"index, follow, max-snippet:-1, max-image-preview:large, max-video-preview:-1\" \/>\n<link rel=\"canonical\" href=\"https:\/\/ny-wordpress-hjemmeside.dk\/happyfunnyworld\/refundering_returvarer\/\" \/>\n<meta property=\"og:locale\" content=\"da_DK\" \/>\n<meta property=\"og:type\" content=\"article\" \/>\n<meta property=\"og:title\" content=\"Privatlivs politik - HappyFunnyWorld\" \/>\n<meta property=\"og:description\" content=\"Privatlivs politik Forside Privatlivs politik Oplysninger om vores behandling af dine personoplysninger mv. Vi har brug for f\u00f8lgende oplysninger, n\u00e5r\" \/>\n<meta property=\"og:url\" content=\"https:\/\/ny-wordpress-hjemmeside.dk\/happyfunnyworld\/refundering_returvarer\/\" \/>\n<meta property=\"og:site_name\" content=\"HappyFunnyWorld\" \/>\n<meta property=\"article:modified_time\" content=\"2025-05-15T16:41:45+00:00\" \/>\n<meta name=\"twitter:card\" content=\"summary_large_image\" \/>\n<meta name=\"twitter:label1\" content=\"Estimeret l\u00e6setid\" \/>\n\t<meta name=\"twitter:data1\" content=\"4 minutter\" \/>\n<script type=\"application\/ld+json\" class=\"yoast-schema-graph\">{\"@context\":\"https:\/\/schema.org\",\"@graph\":[{\"@type\":\"WebPage\",\"@id\":\"https:\/\/ny-wordpress-hjemmeside.dk\/happyfunnyworld\/refundering_returvarer\/\",\"url\":\"https:\/\/ny-wordpress-hjemmeside.dk\/happyfunnyworld\/refundering_returvarer\/\",\"name\":\"Privatlivs politik - HappyFunnyWorld\",\"isPartOf\":{\"@id\":\"https:\/\/ny-wordpress-hjemmeside.dk\/happyfunnyworld\/#website\"},\"datePublished\":\"2025-05-04T10:12:25+00:00\",\"dateModified\":\"2025-05-15T16:41:45+00:00\",\"breadcrumb\":{\"@id\":\"https:\/\/ny-wordpress-hjemmeside.dk\/happyfunnyworld\/refundering_returvarer\/#breadcrumb\"},\"inLanguage\":\"da-DK\",\"potentialAction\":[{\"@type\":\"ReadAction\",\"target\":[\"https:\/\/ny-wordpress-hjemmeside.dk\/happyfunnyworld\/refundering_returvarer\/\"]}]},{\"@type\":\"BreadcrumbList\",\"@id\":\"https:\/\/ny-wordpress-hjemmeside.dk\/happyfunnyworld\/refundering_returvarer\/#breadcrumb\",\"itemListElement\":[{\"@type\":\"ListItem\",\"position\":1,\"name\":\"Home\",\"item\":\"https:\/\/ny-wordpress-hjemmeside.dk\/happyfunnyworld\/\"},{\"@type\":\"ListItem\",\"position\":2,\"name\":\"Privatlivs politik\"}]},{\"@type\":\"WebSite\",\"@id\":\"https:\/\/ny-wordpress-hjemmeside.dk\/happyfunnyworld\/#website\",\"url\":\"https:\/\/ny-wordpress-hjemmeside.dk\/happyfunnyworld\/\",\"name\":\"HappyFunnyWorld\",\"description\":\"\",\"potentialAction\":[{\"@type\":\"SearchAction\",\"target\":{\"@type\":\"EntryPoint\",\"urlTemplate\":\"https:\/\/ny-wordpress-hjemmeside.dk\/happyfunnyworld\/?s={search_term_string}\"},\"query-input\":\"required name=search_term_string\"}],\"inLanguage\":\"da-DK\"}]}<\/script>\n<!-- \/ Yoast SEO plugin. -->","yoast_head_json":{"title":"Privatlivs politik - HappyFunnyWorld","robots":{"index":"index","follow":"follow","max-snippet":"max-snippet:-1","max-image-preview":"max-image-preview:large","max-video-preview":"max-video-preview:-1"},"canonical":"https:\/\/ny-wordpress-hjemmeside.dk\/happyfunnyworld\/refundering_returvarer\/","og_locale":"da_DK","og_type":"article","og_title":"Privatlivs politik - HappyFunnyWorld","og_description":"Privatlivs politik Forside Privatlivs politik Oplysninger om vores behandling af dine personoplysninger mv. Vi har brug for f\u00f8lgende oplysninger, n\u00e5r","og_url":"https:\/\/ny-wordpress-hjemmeside.dk\/happyfunnyworld\/refundering_returvarer\/","og_site_name":"HappyFunnyWorld","article_modified_time":"2025-05-15T16:41:45+00:00","twitter_card":"summary_large_image","twitter_misc":{"Estimeret l\u00e6setid":"4 minutter"},"schema":{"@context":"https:\/\/schema.org","@graph":[{"@type":"WebPage","@id":"https:\/\/ny-wordpress-hjemmeside.dk\/happyfunnyworld\/refundering_returvarer\/","url":"https:\/\/ny-wordpress-hjemmeside.dk\/happyfunnyworld\/refundering_returvarer\/","name":"Privatlivs politik - HappyFunnyWorld","isPartOf":{"@id":"https:\/\/ny-wordpress-hjemmeside.dk\/happyfunnyworld\/#website"},"datePublished":"2025-05-04T10:12:25+00:00","dateModified":"2025-05-15T16:41:45+00:00","breadcrumb":{"@id":"https:\/\/ny-wordpress-hjemmeside.dk\/happyfunnyworld\/refundering_returvarer\/#breadcrumb"},"inLanguage":"da-DK","potentialAction":[{"@type":"ReadAction","target":["https:\/\/ny-wordpress-hjemmeside.dk\/happyfunnyworld\/refundering_returvarer\/"]}]},{"@type":"BreadcrumbList","@id":"https:\/\/ny-wordpress-hjemmeside.dk\/happyfunnyworld\/refundering_returvarer\/#breadcrumb","itemListElement":[{"@type":"ListItem","position":1,"name":"Home","item":"https:\/\/ny-wordpress-hjemmeside.dk\/happyfunnyworld\/"},{"@type":"ListItem","position":2,"name":"Privatlivs politik"}]},{"@type":"WebSite","@id":"https:\/\/ny-wordpress-hjemmeside.dk\/happyfunnyworld\/#website","url":"https:\/\/ny-wordpress-hjemmeside.dk\/happyfunnyworld\/","name":"HappyFunnyWorld","description":"","potentialAction":[{"@type":"SearchAction","target":{"@type":"EntryPoint","urlTemplate":"https:\/\/ny-wordpress-hjemmeside.dk\/happyfunnyworld\/?s={search_term_string}"},"query-input":"required name=search_term_string"}],"inLanguage":"da-DK"}]}},"_links":{"self":[{"href":"https:\/\/ny-wordpress-hjemmeside.dk\/happyfunnyworld\/wp-json\/wp\/v2\/pages\/11","targetHints":{"allow":["GET"]}}],"collection":[{"href":"https:\/\/ny-wordpress-hjemmeside.dk\/happyfunnyworld\/wp-json\/wp\/v2\/pages"}],"about":[{"href":"https:\/\/ny-wordpress-hjemmeside.dk\/happyfunnyworld\/wp-json\/wp\/v2\/types\/page"}],"author":[{"embeddable":true,"href":"https:\/\/ny-wordpress-hjemmeside.dk\/happyfunnyworld\/wp-json\/wp\/v2\/users\/1"}],"replies":[{"embeddable":true,"href":"https:\/\/ny-wordpress-hjemmeside.dk\/happyfunnyworld\/wp-json\/wp\/v2\/comments?post=11"}],"version-history":[{"count":7,"href":"https:\/\/ny-wordpress-hjemmeside.dk\/happyfunnyworld\/wp-json\/wp\/v2\/pages\/11\/revisions"}],"predecessor-version":[{"id":16616,"href":"https:\/\/ny-wordpress-hjemmeside.dk\/happyfunnyworld\/wp-json\/wp\/v2\/pages\/11\/revisions\/16616"}],"wp:attachment":[{"href":"https:\/\/ny-wordpress-hjemmeside.dk\/happyfunnyworld\/wp-json\/wp\/v2\/media?parent=11"}],"curies":[{"name":"wp","href":"https:\/\/api.w.org\/{rel}","templated":true}]}}